{"id":533,"date":"2025-01-27T11:32:23","date_gmt":"2025-01-27T11:32:23","guid":{"rendered":"https:\/\/www.dulcescobo.es\/web_nueva\/?page_id=533"},"modified":"2025-03-18T19:02:25","modified_gmt":"2025-03-18T19:02:25","slug":"nuestro-equipo","status":"publish","type":"page","link":"http:\/\/dulcescobo.es\/index.php\/nuestro-equipo\/","title":{"rendered":"Nuestro Equipo"},"content":{"rendered":"<div data-colibri-id=\"533-c1\" class=\"style-457 style-local-533-c1 position-relative\">\n  <!---->\n  <div data-colibri-component=\"section\" data-colibri-id=\"533-c2\" id=\"about\" class=\"h-section h-section-global-spacing d-flex align-items-lg-center align-items-md-center align-items-center style-458 style-local-533-c2 position-relative\">\n    <!---->\n    <!---->\n    <div class=\"h-section-grid-container h-section-boxed-container\">\n      <div data-colibri-id=\"533-c7\" class=\"h-row-container gutters-row-lg-2 gutters-row-md-2 gutters-row-2 gutters-row-v-lg-2 gutters-row-v-md-2 gutters-row-v-2 style-463 style-local-533-c7 position-relative\">\n        <!---->\n        <div class=\"h-row justify-content-lg-center justify-content-md-center justify-content-center align-items-lg-stretch align-items-md-stretch align-items-stretch gutters-col-lg-2 gutters-col-md-2 gutters-col-2 gutters-col-v-lg-2 gutters-col-v-md-2 gutters-col-v-2\">\n          <!---->\n          <div class=\"h-column h-column-container d-flex h-col-lg-auto h-col-md-auto h-col-auto style-464-outer style-local-533-c8-outer\">\n            <div data-colibri-id=\"533-c8\" class=\"d-flex h-flex-basis h-column__inner h-px-lg-2 h-px-md-2 h-px-2 v-inner-lg-2 v-inner-md-2 v-inner-2 style-464 style-local-533-c8 position-relative\">\n              <!---->\n              <!---->\n              <div class=\"w-100 h-y-container h-column__content h-column__v-align flex-basis-100 align-self-lg-start align-self-md-start align-self-start\">\n                <!---->\n                <div data-colibri-id=\"533-c9\" class=\"h-global-transition-all h-heading style-466 style-local-533-c9 position-relative h-element\">\n                  <!---->\n                  <div class=\"h-heading__outer style-466 style-local-533-c9\">\n                    <!---->\n                    <!---->\n                    <h2 class=\"\">Empresa Familiar .<\/h2>\n                  <\/div>\n                <\/div>\n              <\/div>\n            <\/div>\n          <\/div>\n        <\/div>\n      <\/div>\n      <div data-colibri-id=\"533-c3\" class=\"h-row-container gutters-row-lg-2 gutters-row-md-2 gutters-row-0 gutters-row-v-lg-2 gutters-row-v-md-2 gutters-row-v-2 style-459 style-local-533-c3 h-overflow-hidden position-relative\">\n        <!---->\n        <div class=\"h-row justify-content-lg-center justify-content-md-center justify-content-center align-items-lg-center align-items-md-center align-items-center gutters-col-lg-2 gutters-col-md-2 gutters-col-0 gutters-col-v-lg-2 gutters-col-v-md-2 gutters-col-v-2\">\n          <!---->\n          <div class=\"h-column h-column-container d-flex h-col-lg-auto h-col-md-auto h-col-auto align-self-lg-center align-self-md-center align-self-center style-460-outer style-local-533-c4-outer\">\n            <div data-colibri-id=\"533-c4\" class=\"d-flex h-flex-basis h-column__inner h-ui-empty-state-container h-px-lg-0 h-px-md-0 h-px-0 v-inner-lg-0 v-inner-md-0 v-inner-0 style-460 style-local-533-c4 position-relative\">\n              <!---->\n              <!---->\n              <div class=\"w-100 h-y-container h-column__content h-column__v-align flex-basis-100\">\n                <!---->\n              <\/div>\n            <\/div>\n          <\/div>\n          <div class=\"h-column h-column-container d-flex h-col-lg-auto h-col-md-auto h-col-auto align-self-lg-center align-self-md-center align-self-center style-461-outer style-local-533-c5-outer\">\n            <div data-colibri-id=\"533-c5\" class=\"d-flex h-flex-basis h-column__inner h-ui-empty-state-container h-px-lg-0 h-px-md-0 h-px-0 v-inner-lg-0 v-inner-md-0 v-inner-0 style-461 style-local-533-c5 position-relative\">\n              <!---->\n              <!---->\n              <div class=\"w-100 h-y-container h-column__content h-column__v-align flex-basis-100\">\n                <!---->\n              <\/div>\n            <\/div>\n          <\/div>\n          <div class=\"h-column h-column-container d-flex h-col-lg-auto h-col-md-auto h-col-auto align-self-lg-center align-self-md-center align-self-center style-462-outer style-local-533-c6-outer\">\n            <div data-colibri-id=\"533-c6\" class=\"d-flex h-flex-basis h-column__inner h-ui-empty-state-container h-px-lg-2 h-px-md-2 h-px-2 v-inner-lg-2 v-inner-md-2 v-inner-2 style-462 style-local-533-c6 position-relative\">\n              <!---->\n              <!---->\n              <div class=\"w-100 h-y-container h-column__content h-column__v-align flex-basis-100\">\n                <!---->\n              <\/div>\n            <\/div>\n          <\/div>\n        <\/div>\n      <\/div>\n    <\/div>\n  <\/div>\n  <div data-colibri-component=\"section\" data-colibri-id=\"533-c10\" id=\"about-2\" class=\"h-section h-section-global-spacing d-flex align-items-lg-center align-items-md-center align-items-center style-470 style-local-533-c10 position-relative\">\n    <!---->\n    <!---->\n    <div class=\"h-section-grid-container h-section-boxed-container\">\n      <div data-colibri-id=\"533-c15\" class=\"h-row-container gutters-row-lg-2 gutters-row-md-2 gutters-row-2 gutters-row-v-lg-2 gutters-row-v-md-2 gutters-row-v-2 style-475 style-local-533-c15 position-relative\">\n        <!---->\n        <div class=\"h-row justify-content-lg-center justify-content-md-center justify-content-center align-items-lg-stretch align-items-md-stretch align-items-stretch gutters-col-lg-2 gutters-col-md-2 gutters-col-2 gutters-col-v-lg-2 gutters-col-v-md-2 gutters-col-v-2\">\n          <!---->\n          <div class=\"h-column h-column-container d-flex h-col-lg-auto h-col-md-auto h-col-auto style-476-outer style-local-533-c16-outer\">\n            <div data-colibri-id=\"533-c16\" class=\"d-flex h-flex-basis h-column__inner h-px-lg-2 h-px-md-2 h-px-2 v-inner-lg-2 v-inner-md-2 v-inner-2 style-476 style-local-533-c16 position-relative\">\n              <!---->\n              <!---->\n              <div class=\"w-100 h-y-container h-column__content h-column__v-align flex-basis-100 align-self-lg-start align-self-md-start align-self-start\">\n                <!---->\n                <div data-colibri-id=\"533-c17\" class=\"d-block style-1011 style-local-533-c17 position-relative h-element\">\n                  <!---->\n                  <div class=\"h-image__frame-container-outer\">\n                    <div class=\"h-image__frame-container\">\n                      <!---->\n                      <!---->\n                      <img loading=\"lazy\" decoding=\"async\" width=\"2560\" height=\"2073\" src=\"http:\/\/dulcescobo.es\/wp-content\/uploads\/2025\/03\/Sin-titulo-1-scaled.jpg\" class=\"wp-image-2159 style-1011-image style-local-533-c17-image\" alt=\"\" srcset=\"http:\/\/dulcescobo.es\/wp-content\/uploads\/2025\/03\/Sin-titulo-1-scaled.jpg 2560w, http:\/\/dulcescobo.es\/wp-content\/uploads\/2025\/03\/Sin-titulo-1-300x243.jpg 300w, http:\/\/dulcescobo.es\/wp-content\/uploads\/2025\/03\/Sin-titulo-1-1024x829.jpg 1024w, http:\/\/dulcescobo.es\/wp-content\/uploads\/2025\/03\/Sin-titulo-1-768x622.jpg 768w, http:\/\/dulcescobo.es\/wp-content\/uploads\/2025\/03\/Sin-titulo-1-1536x1244.jpg 1536w, http:\/\/dulcescobo.es\/wp-content\/uploads\/2025\/03\/Sin-titulo-1-2048x1659.jpg 2048w\" sizes=\"auto, (max-width: 2560px) 100vw, 2560px\" \/>\n                      <div class=\"h-image__frame h-hide-lg h-hide-md h-hide-sm style-1011-frameImage style-local-533-c17-frameImage\"><\/div>\n                    <\/div>\n                  <\/div>\n                <\/div>\n                <div data-colibri-id=\"533-c18\" class=\"h-global-transition-all h-heading style-477 style-local-533-c18 position-relative h-element\">\n                  <!---->\n                  <div class=\"h-heading__outer style-477 style-local-533-c18\">\n                    <!---->\n                    <!---->\n                    <h5 class=\"\">Nuestro compromiso<\/h5>\n                  <\/div>\n                <\/div>\n                <div data-colibri-id=\"533-c19\" class=\"h-global-transition-all h-heading style-478 style-local-533-c19 position-relative h-element\">\n                  <!---->\n                  <div class=\"h-heading__outer style-478 style-local-533-c19\">\n                    <!---->\n                    <!---->\n                    <h2 class=\"\">En Cobodul mantenemos nuestro compromiso con los trabajadores.<\/h2>\n                  <\/div>\n                <\/div>\n                <div data-colibri-id=\"533-c20\" class=\"h-text h-text-component style-482 style-local-533-c20 position-relative h-element\">\n                  <!---->\n                  <!---->\n                  <div class=\"\">\n                    <p><span style=\"font-weight: 400; font-size: 20px; font-family: &quot;Google Sans&quot;, Arial, sans-serif; color: rgb(31, 31, 31);\">Siempre hemos pensado que el compromiso con nuestra plantilla esa&nbsp;<\/span><strong style=\"font-size: 20px; font-family: &quot;Google Sans&quot;, Arial, sans-serif; font-weight: 500; color: rgb(4, 12, 40);\">conexi\u00f3n mental y emocional de los empleados con nuestra empresa i<\/strong>\n                      <span\n                        style=\"font-weight: 400; font-size: 20px; font-family: &quot;Google Sans&quot;, Arial, sans-serif; color: rgb(31, 31, 31);\">nfluye en la producci\u00f3n y en los objetivos de la organizaci\u00f3n, as\u00ed como en su dedicaci\u00f3n y entusiasmo por completar las tareas internas. Es por eso que apostamos por crear unos lazos que van mas alla de empleados-empresa. Somos un\n                        equipo, una familia.<\/span>\n                    <\/p>\n                  <\/div>\n                <\/div>\n              <\/div>\n            <\/div>\n          <\/div>\n        <\/div>\n      <\/div>\n      <div data-colibri-id=\"533-c11\" class=\"h-row-container gutters-row-lg-0 gutters-row-md-0 gutters-row-0 gutters-row-v-lg-0 gutters-row-v-md-0 gutters-row-v-0 style-471 style-local-533-c11 h-overflow-hidden position-relative\">\n        <!---->\n        <div class=\"h-row justify-content-lg-end justify-content-md-end justify-content-end align-items-lg-center align-items-md-center align-items-center gutters-col-lg-0 gutters-col-md-0 gutters-col-0 gutters-col-v-lg-0 gutters-col-v-md-0 gutters-col-v-0\">\n          <!---->\n          <div class=\"h-column h-column-container d-flex h-col-lg-4 h-col-md-4 h-col-4 align-self-lg-center align-self-md-center align-self-center style-1022-outer style-local-533-c21-outer\">\n            <div data-colibri-id=\"533-c21\" class=\"d-flex h-flex-basis h-column__inner h-px-lg-2 h-px-md-2 h-px-2 v-inner-lg-2 v-inner-md-2 v-inner-2 style-1022 style-local-533-c21 position-relative\">\n              <!---->\n              <!---->\n              <div class=\"w-100 h-y-container h-column__content h-column__v-align flex-basis-100 align-self-lg-start align-self-md-start align-self-start\">\n                <!---->\n                <div data-colibri-id=\"533-c22\" class=\"d-block style-1023 style-local-533-c22 position-relative h-element\">\n                  <!---->\n                  <div class=\"h-image__frame-container-outer\">\n                    <div class=\"h-image__frame-container\">\n                      <!---->\n                      <!---->\n                      <img loading=\"lazy\" decoding=\"async\" width=\"310\" height=\"310\" src=\"http:\/\/dulcescobo.es\/wp-content\/uploads\/2025\/01\/cropped-CATALGO-DULCES-COBO-2022-comprimido-doble-pag_page1_image22-1.jpg\" class=\"wp-image-2238 style-1023-image style-local-533-c22-image\" alt=\"\" srcset=\"http:\/\/dulcescobo.es\/wp-content\/uploads\/2025\/01\/cropped-CATALGO-DULCES-COBO-2022-comprimido-doble-pag_page1_image22-1.jpg 310w, http:\/\/dulcescobo.es\/wp-content\/uploads\/2025\/01\/cropped-CATALGO-DULCES-COBO-2022-comprimido-doble-pag_page1_image22-1-300x300.jpg 300w, http:\/\/dulcescobo.es\/wp-content\/uploads\/2025\/01\/cropped-CATALGO-DULCES-COBO-2022-comprimido-doble-pag_page1_image22-1-150x150.jpg 150w\" sizes=\"auto, (max-width: 310px) 100vw, 310px\" \/>\n                      <div class=\"h-image__frame h-hide-lg h-hide-md h-hide-sm style-1023-frameImage style-local-533-c22-frameImage\"><\/div>\n                    <\/div>\n                  <\/div>\n                <\/div>\n              <\/div>\n            <\/div>\n          <\/div>\n          <div class=\"h-column h-column-container d-flex h-col-lg-4 h-col-md-4 h-col-4 align-self-lg-center align-self-md-center align-self-center style-1024-outer style-local-533-c23-outer\">\n            <div data-colibri-id=\"533-c23\" class=\"d-flex h-flex-basis h-column__inner h-px-lg-2 h-px-md-2 h-px-2 v-inner-lg-2 v-inner-md-2 v-inner-2 style-1024 style-local-533-c23 position-relative\">\n              <!---->\n              <!---->\n              <div class=\"w-100 h-y-container h-column__content h-column__v-align flex-basis-100 align-self-lg-start align-self-md-start align-self-start\">\n                <!---->\n                <div data-colibri-id=\"533-c24\" class=\"d-block style-1025 style-local-533-c24 position-relative h-element\">\n                  <!---->\n                  <div class=\"h-image__frame-container-outer\">\n                    <div class=\"h-image__frame-container\">\n                      <!---->\n                      <!---->\n                      <img loading=\"lazy\" decoding=\"async\" width=\"1707\" height=\"1707\" src=\"http:\/\/dulcescobo.es\/wp-content\/uploads\/2025\/03\/cropped-cropped-cropped-IMG_1397-scaled-1.jpg\" class=\"wp-image-2236 style-1025-image style-local-533-c24-image\" alt=\"\" srcset=\"http:\/\/dulcescobo.es\/wp-content\/uploads\/2025\/03\/cropped-cropped-cropped-IMG_1397-scaled-1.jpg 1707w, http:\/\/dulcescobo.es\/wp-content\/uploads\/2025\/03\/cropped-cropped-cropped-IMG_1397-scaled-1-300x300.jpg 300w, http:\/\/dulcescobo.es\/wp-content\/uploads\/2025\/03\/cropped-cropped-cropped-IMG_1397-scaled-1-1024x1024.jpg 1024w, http:\/\/dulcescobo.es\/wp-content\/uploads\/2025\/03\/cropped-cropped-cropped-IMG_1397-scaled-1-150x150.jpg 150w, http:\/\/dulcescobo.es\/wp-content\/uploads\/2025\/03\/cropped-cropped-cropped-IMG_1397-scaled-1-768x768.jpg 768w, http:\/\/dulcescobo.es\/wp-content\/uploads\/2025\/03\/cropped-cropped-cropped-IMG_1397-scaled-1-1536x1536.jpg 1536w\" sizes=\"auto, (max-width: 1707px) 100vw, 1707px\" \/>\n                      <div class=\"h-image__frame h-hide-lg h-hide-md h-hide-sm style-1025-frameImage style-local-533-c24-frameImage\"><\/div>\n                    <\/div>\n                  <\/div>\n                <\/div>\n              <\/div>\n            <\/div>\n          <\/div>\n          <div class=\"h-column h-column-container d-flex h-col-lg-4 h-col-md-4 h-col-4 align-self-lg-center align-self-md-center align-self-center style-1026-outer style-local-533-c25-outer\">\n            <div data-colibri-id=\"533-c25\" class=\"d-flex h-flex-basis h-column__inner h-px-lg-2 h-px-md-2 h-px-2 v-inner-lg-2 v-inner-md-2 v-inner-2 style-1026 style-local-533-c25 position-relative\">\n              <!---->\n              <!---->\n              <div class=\"w-100 h-y-container h-column__content h-column__v-align flex-basis-100 align-self-lg-start align-self-md-start align-self-start\">\n                <!---->\n                <div data-colibri-id=\"533-c26\" class=\"d-block style-1027 style-local-533-c26 position-relative h-element\">\n                  <!---->\n                  <div class=\"h-image__frame-container-outer\">\n                    <div class=\"h-image__frame-container\">\n                      <!---->\n                      <!---->\n                      <img loading=\"lazy\" decoding=\"async\" width=\"414\" height=\"414\" src=\"http:\/\/dulcescobo.es\/wp-content\/uploads\/2025\/01\/cropped-cropped-cropped-cropped-cropped-CATALGO-DULCES-COBO-2022-comprimido-doble-pag_page1_image21-1.jpg\" class=\"wp-image-2237 style-1027-image style-local-533-c26-image\" alt=\"\" srcset=\"http:\/\/dulcescobo.es\/wp-content\/uploads\/2025\/01\/cropped-cropped-cropped-cropped-cropped-CATALGO-DULCES-COBO-2022-comprimido-doble-pag_page1_image21-1.jpg 414w, http:\/\/dulcescobo.es\/wp-content\/uploads\/2025\/01\/cropped-cropped-cropped-cropped-cropped-CATALGO-DULCES-COBO-2022-comprimido-doble-pag_page1_image21-1-300x300.jpg 300w, http:\/\/dulcescobo.es\/wp-content\/uploads\/2025\/01\/cropped-cropped-cropped-cropped-cropped-CATALGO-DULCES-COBO-2022-comprimido-doble-pag_page1_image21-1-150x150.jpg 150w\" sizes=\"auto, (max-width: 414px) 100vw, 414px\" \/>\n                      <div class=\"h-image__frame h-hide-lg h-hide-md h-hide-sm style-1027-frameImage style-local-533-c26-frameImage\"><\/div>\n                    <\/div>\n                  <\/div>\n                <\/div>\n              <\/div>\n            <\/div>\n          <\/div>\n        <\/div>\n      <\/div>\n    <\/div>\n  <\/div>\n<\/div>","protected":false},"excerpt":{"rendered":"<p>Empresa Familiar . Nuestro compromiso En Cobodul mantenemos nuestro compromiso con los trabajadores. Siempre hemos pensado que el compromiso con nuestra plantilla esa&nbsp;conexi\u00f3n mental y emocional de los empleados con nuestra empresa i nfluye en la producci\u00f3n y en los objetivos de la organizaci\u00f3n, as\u00ed como en su dedicaci\u00f3n y entusiasmo por completar las tareas [&hellip;]<\/p>\n","protected":false},"author":1,"featured_media":0,"parent":0,"menu_order":0,"comment_status":"closed","ping_status":"closed","template":"page-templates\/full-width-page.php","meta":{"footnotes":""},"class_list":["post-533","page","type-page","status-publish","hentry"],"_links":{"self":[{"href":"http:\/\/dulcescobo.es\/index.php\/wp-json\/wp\/v2\/pages\/533","targetHints":{"allow":["GET"]}}],"collection":[{"href":"http:\/\/dulcescobo.es\/index.php\/wp-json\/wp\/v2\/pages"}],"about":[{"href":"http:\/\/dulcescobo.es\/index.php\/wp-json\/wp\/v2\/types\/page"}],"author":[{"embeddable":true,"href":"http:\/\/dulcescobo.es\/index.php\/wp-json\/wp\/v2\/users\/1"}],"replies":[{"embeddable":true,"href":"http:\/\/dulcescobo.es\/index.php\/wp-json\/wp\/v2\/comments?post=533"}],"version-history":[{"count":20,"href":"http:\/\/dulcescobo.es\/index.php\/wp-json\/wp\/v2\/pages\/533\/revisions"}],"predecessor-version":[{"id":2241,"href":"http:\/\/dulcescobo.es\/index.php\/wp-json\/wp\/v2\/pages\/533\/revisions\/2241"}],"wp:attachment":[{"href":"http:\/\/dulcescobo.es\/index.php\/wp-json\/wp\/v2\/media?parent=533"}],"curies":[{"name":"wp","href":"https:\/\/api.w.org\/{rel}","templated":true}]}}